{"id":550,"date":"2025-11-26T10:47:53","date_gmt":"2025-11-26T10:47:53","guid":{"rendered":"https:\/\/romeo-brejon.mds-angers.yt\/?page_id=550"},"modified":"2025-11-26T15:00:16","modified_gmt":"2025-11-26T15:00:16","slug":"elementor-550","status":"publish","type":"page","link":"https:\/\/romeo-brejon.mds-angers.yt\/index.php\/elementor-550\/","title":{"rendered":"Elementor #550"},"content":{"rendered":"\t\t<div data-elementor-type=\"wp-page\" data-elementor-id=\"550\" class=\"elementor elementor-550\">\n\t\t\t\t<div class=\"elementor-element elementor-element-79ebe38 e-flex e-con-boxed e-con e-parent\" data-id=\"79ebe38\" data-element_type=\"container\" data-settings=\"{&quot;background_background&quot;:&quot;classic&quot;}\">\n\t\t\t\t\t<div class=\"e-con-inner\">\n\t\t<div class=\"elementor-element elementor-element-2c1428f e-con-full e-flex e-con e-child\" data-id=\"2c1428f\" data-element_type=\"container\" data-settings=\"{&quot;background_background&quot;:&quot;classic&quot;}\">\n\t\t\t\t<\/div>\n\t\t\t\t<div class=\"elementor-element elementor-element-cee65a3 elementor-widget elementor-widget-heading\" data-id=\"cee65a3\" data-element_type=\"widget\" data-widget_type=\"heading.default\">\n\t\t\t\t\t<h2 class=\"elementor-heading-title elementor-size-default\">Rejoignez l'\u00e9cole du Digitale<\/h2>\t\t\t\t<\/div>\n\t\t\t\t\t<\/div>\n\t\t\t\t<\/div>\n\t\t<div class=\"elementor-element elementor-element-d682dad e-flex e-con-boxed e-con e-parent\" data-id=\"d682dad\" data-element_type=\"container\" data-settings=\"{&quot;background_background&quot;:&quot;classic&quot;}\">\n\t\t\t\t\t<div class=\"e-con-inner\">\n\t\t<div class=\"elementor-element elementor-element-fc62405 e-con-full e-flex e-con e-child\" data-id=\"fc62405\" data-element_type=\"container\">\n\t\t\t\t<div class=\"elementor-element elementor-element-36df732 elementor-widget elementor-widget-heading\" data-id=\"36df732\" data-element_type=\"widget\" data-widget_type=\"heading.default\">\n\t\t\t\t\t<h2 class=\"elementor-heading-title elementor-size-default\">Visiter l'\u00e9cole en immersif !<\/h2>\t\t\t\t<\/div>\n\t\t\t\t<\/div>\n\t\t<div class=\"elementor-element elementor-element-cbca96b e-con-full e-flex e-con e-child\" data-id=\"cbca96b\" data-element_type=\"container\" data-settings=\"{&quot;background_background&quot;:&quot;video&quot;,&quot;background_video_start&quot;:20}\">\n\t\t\t\t<div class=\"elementor-element elementor-element-5893f84 elementor-widget elementor-widget-video\" data-id=\"5893f84\" data-element_type=\"widget\" data-settings=\"{&quot;video_type&quot;:&quot;hosted&quot;,&quot;autoplay&quot;:&quot;yes&quot;,&quot;loop&quot;:&quot;yes&quot;,&quot;controls&quot;:&quot;yes&quot;}\" data-widget_type=\"video.default\">\n\t\t\t\t\t\t\t<div class=\"e-hosted-video elementor-wrapper elementor-open-inline\">\n\t\t\t\t\t<video class=\"elementor-video\" src=\"https:\/\/romeo-brejon.mds-angers.yt\/wp-content\/uploads\/2025\/11\/copy_7CDD2DF2-7E11-4C52-9263-F320470A6DBF.mov\" autoplay=\"\" loop=\"\" controls=\"\" controlsList=\"nodownload\"><\/video>\n\t\t\t\t<\/div>\n\t\t\t\t\t\t<\/div>\n\t\t\t\t<\/div>\n\t\t\t\t\t<\/div>\n\t\t\t\t<\/div>\n\t\t<div class=\"elementor-element elementor-element-f790400 e-flex e-con-boxed e-con e-parent\" data-id=\"f790400\" data-element_type=\"container\" data-settings=\"{&quot;background_background&quot;:&quot;classic&quot;}\">\n\t\t\t\t\t<div class=\"e-con-inner\">\n\t\t\t\t<div class=\"elementor-element elementor-element-7392e19 elementor-widget elementor-widget-heading\" data-id=\"7392e19\" data-element_type=\"widget\" data-widget_type=\"heading.default\">\n\t\t\t\t\t<h2 class=\"elementor-heading-title elementor-size-default\">NOTRE VERSION<\/h2>\t\t\t\t<\/div>\n\t\t\t\t\t<\/div>\n\t\t\t\t<\/div>\n\t\t<div class=\"elementor-element elementor-element-e824fe1 e-flex e-con-boxed e-con e-parent\" data-id=\"e824fe1\" data-element_type=\"container\" data-settings=\"{&quot;background_background&quot;:&quot;classic&quot;}\">\n\t\t\t\t\t<div class=\"e-con-inner\">\n\t\t<div class=\"elementor-element elementor-element-e94cc20 e-con-full e-flex e-con e-child\" data-id=\"e94cc20\" data-element_type=\"container\" data-settings=\"{&quot;background_background&quot;:&quot;classic&quot;}\">\n\t\t<div class=\"elementor-element elementor-element-a01279f e-con-full e-flex e-con e-child\" data-id=\"a01279f\" data-element_type=\"container\">\n\t\t\t\t<div class=\"elementor-element elementor-element-8b0be1e elementor-widget elementor-widget-heading\" data-id=\"8b0be1e\" data-element_type=\"widget\" data-widget_type=\"heading.default\">\n\t\t\t\t\t<h2 class=\"elementor-heading-title elementor-size-default\">AVANT<\/h2>\t\t\t\t<\/div>\n\t\t\t\t<\/div>\n\t\t\t\t<\/div>\n\t\t<div class=\"elementor-element elementor-element-a36a34d e-con-full e-flex e-con e-child\" data-id=\"a36a34d\" data-element_type=\"container\" data-settings=\"{&quot;background_background&quot;:&quot;classic&quot;}\">\n\t\t\t\t<div class=\"elementor-element elementor-element-fa981d0 elementor-widget elementor-widget-heading\" data-id=\"fa981d0\" data-element_type=\"widget\" data-widget_type=\"heading.default\">\n\t\t\t\t\t<h2 class=\"elementor-heading-title elementor-size-default\">APR\u00e8s<\/h2>\t\t\t\t<\/div>\n\t\t\t\t<\/div>\n\t\t\t\t\t<\/div>\n\t\t\t\t<\/div>\n\t\t<div class=\"elementor-element elementor-element-72bf90d e-flex e-con-boxed e-con e-parent\" data-id=\"72bf90d\" data-element_type=\"container\" data-settings=\"{&quot;background_background&quot;:&quot;classic&quot;}\">\n\t\t\t\t\t<div class=\"e-con-inner\">\n\t\t<div class=\"elementor-element elementor-element-764ca8b e-con-full e-flex e-con e-child\" data-id=\"764ca8b\" data-element_type=\"container\" data-settings=\"{&quot;background_background&quot;:&quot;classic&quot;}\">\n\t\t\t\t<div class=\"elementor-element elementor-element-b77ba11 elementor-widget elementor-widget-heading\" data-id=\"b77ba11\" data-element_type=\"widget\" data-widget_type=\"heading.default\">\n\t\t\t\t\t<h2 class=\"elementor-heading-title elementor-size-default\">AVANT<\/h2>\t\t\t\t<\/div>\n\t\t\t\t<\/div>\n\t\t<div class=\"elementor-element elementor-element-21852cc e-con-full e-flex e-con e-child\" data-id=\"21852cc\" data-element_type=\"container\" data-settings=\"{&quot;background_background&quot;:&quot;classic&quot;}\">\n\t\t\t\t<div class=\"elementor-element elementor-element-1ea8f66 elementor-widget elementor-widget-heading\" data-id=\"1ea8f66\" data-element_type=\"widget\" data-widget_type=\"heading.default\">\n\t\t\t\t\t<h2 class=\"elementor-heading-title elementor-size-default\">Apr\u00e8s<\/h2>\t\t\t\t<\/div>\n\t\t\t\t<\/div>\n\t\t\t\t\t<\/div>\n\t\t\t\t<\/div>\n\t\t<div class=\"elementor-element elementor-element-500abcb e-flex e-con-boxed e-con e-parent\" data-id=\"500abcb\" data-element_type=\"container\" data-settings=\"{&quot;background_background&quot;:&quot;classic&quot;}\">\n\t\t\t\t\t<div class=\"e-con-inner\">\n\t\t<div class=\"elementor-element elementor-element-d9868a7 e-con-full e-flex e-con e-child\" data-id=\"d9868a7\" data-element_type=\"container\" data-settings=\"{&quot;background_background&quot;:&quot;classic&quot;}\">\n\t\t<div class=\"elementor-element elementor-element-c8c39b4 e-con-full e-flex e-con e-child\" data-id=\"c8c39b4\" data-element_type=\"container\" data-settings=\"{&quot;background_background&quot;:&quot;classic&quot;}\">\n\t\t\t\t<div class=\"elementor-element elementor-element-c126e1a elementor-widget elementor-widget-heading\" data-id=\"c126e1a\" data-element_type=\"widget\" data-widget_type=\"heading.default\">\n\t\t\t\t\t<h2 class=\"elementor-heading-title elementor-size-default\">AVANT<\/h2>\t\t\t\t<\/div>\n\t\t\t\t<\/div>\n\t\t<div class=\"elementor-element elementor-element-e2ae27d e-con-full e-flex e-con e-child\" data-id=\"e2ae27d\" data-element_type=\"container\" data-settings=\"{&quot;background_background&quot;:&quot;classic&quot;}\">\n\t\t\t\t<div class=\"elementor-element elementor-element-334fd02 elementor-widget elementor-widget-heading\" data-id=\"334fd02\" data-element_type=\"widget\" data-widget_type=\"heading.default\">\n\t\t\t\t\t<h2 class=\"elementor-heading-title elementor-size-default\">Apr\u00e8s<\/h2>\t\t\t\t<\/div>\n\t\t\t\t<\/div>\n\t\t\t\t<\/div>\n\t\t\t\t\t<\/div>\n\t\t\t\t<\/div>\n\t\t<div class=\"elementor-element elementor-element-dc2b6ba e-flex e-con-boxed e-con e-parent\" data-id=\"dc2b6ba\" data-element_type=\"container\" data-settings=\"{&quot;background_background&quot;:&quot;classic&quot;}\">\n\t\t\t\t\t<div class=\"e-con-inner\">\n\t\t\t\t<div class=\"elementor-element elementor-element-01f5909 elementor-widget elementor-widget-heading\" data-id=\"01f5909\" data-element_type=\"widget\" data-widget_type=\"heading.default\">\n\t\t\t\t\t<h2 class=\"elementor-heading-title elementor-size-default\">MY DIGITAL SCHOOL<\/h2>\t\t\t\t<\/div>\n\t\t<div class=\"elementor-element elementor-element-9e05f53 e-con-full e-flex e-con e-child\" data-id=\"9e05f53\" data-element_type=\"container\">\n\t\t\t\t<div class=\"elementor-element elementor-element-3f093e0 elementor-widget elementor-widget-text-editor\" data-id=\"3f093e0\" data-element_type=\"widget\" data-widget_type=\"text-editor.default\">\n\t\t\t\t\t\t\t\t\t<p>Fait\u00a0<span style=\"font-size: 1rem;\">par\u00a0<\/span><span style=\"font-size: 1rem;\">Rom\u00e9o, Kristan, Matt\u00e9o et Axel<\/span><\/p>\t\t\t\t\t\t\t\t<\/div>\n\t\t\t\t<\/div>\n\t\t\t\t\t<\/div>\n\t\t\t\t<\/div>\n\t\t\t\t<\/div>\n\t\t","protected":false},"excerpt":{"rendered":"<p>Rejoignez l&rsquo;\u00e9cole du Digitale Visiter l&rsquo;\u00e9cole en immersif ! https:\/\/romeo-brejon.mds-angers.yt\/wp-content\/uploads\/2025\/11\/copy_7CDD2DF2-7E11-4C52-9263-F320470A6DBF.mov NOTRE VERSION AVANT APR\u00e8s AVANT Apr\u00e8s AVANT Apr\u00e8s MY DIGITAL SCHOOL Fait\u00a0par\u00a0Rom\u00e9o, Kristan, Matt\u00e9o et Axel<\/p>\n","protected":false},"author":3,"featured_media":0,"parent":0,"menu_order":0,"comment_status":"closed","ping_status":"closed","template":"elementor_canvas","meta":{"_seopress_robots_primary_cat":"","_seopress_titles_title":"","_seopress_titles_desc":"","_seopress_robots_index":"","footnotes":""},"class_list":["post-550","page","type-page","status-publish","hentry"],"_links":{"self":[{"href":"https:\/\/romeo-brejon.mds-angers.yt\/index.php\/wp-json\/wp\/v2\/pages\/550","targetHints":{"allow":["GET"]}}],"collection":[{"href":"https:\/\/romeo-brejon.mds-angers.yt\/index.php\/wp-json\/wp\/v2\/pages"}],"about":[{"href":"https:\/\/romeo-brejon.mds-angers.yt\/index.php\/wp-json\/wp\/v2\/types\/page"}],"author":[{"embeddable":true,"href":"https:\/\/romeo-brejon.mds-angers.yt\/index.php\/wp-json\/wp\/v2\/users\/3"}],"replies":[{"embeddable":true,"href":"https:\/\/romeo-brejon.mds-angers.yt\/index.php\/wp-json\/wp\/v2\/comments?post=550"}],"version-history":[{"count":23,"href":"https:\/\/romeo-brejon.mds-angers.yt\/index.php\/wp-json\/wp\/v2\/pages\/550\/revisions"}],"predecessor-version":[{"id":588,"href":"https:\/\/romeo-brejon.mds-angers.yt\/index.php\/wp-json\/wp\/v2\/pages\/550\/revisions\/588"}],"wp:attachment":[{"href":"https:\/\/romeo-brejon.mds-angers.yt\/index.php\/wp-json\/wp\/v2\/media?parent=550"}],"curies":[{"name":"wp","href":"https:\/\/api.w.org\/{rel}","templated":true}]}}