{"id":46,"date":"2025-10-03T14:16:40","date_gmt":"2025-10-03T14:16:40","guid":{"rendered":"https:\/\/romeo-brejon.mds-angers.yt\/?page_id=46"},"modified":"2025-10-15T14:55:54","modified_gmt":"2025-10-15T14:55:54","slug":"elementor-46","status":"publish","type":"page","link":"https:\/\/romeo-brejon.mds-angers.yt\/index.php\/elementor-46\/","title":{"rendered":"Site Travel (Kristan)"},"content":{"rendered":"\t\t<div data-elementor-type=\"wp-post\" data-elementor-id=\"46\" class=\"elementor elementor-46\">\n\t\t\t\t<div class=\"elementor-element elementor-element-7ab32eb e-con-full e-flex e-con e-parent\" data-id=\"7ab32eb\" data-element_type=\"container\" data-settings=\"{&quot;background_background&quot;:&quot;video&quot;,&quot;background_video_link&quot;:&quot;https:\\\/\\\/youtu.be\\\/F02_MVdAqCk?si=QDfJkuG6l70jEYgY&quot;}\">\n\t\t<div class=\"elementor-background-video-container elementor-hidden-mobile\" aria-hidden=\"true\">\n\t\t\t\t\t\t\t<div class=\"elementor-background-video-embed\"><\/div>\n\t\t\t\t\t\t<\/div><div class=\"elementor-element elementor-element-5d46747 e-con-full e-flex e-con e-child\" data-id=\"5d46747\" data-element_type=\"container\" data-settings=\"{&quot;background_background&quot;:&quot;classic&quot;}\">\n\t\t\t\t<div class=\"elementor-element elementor-element-d229324 elementor-widget elementor-widget-image\" data-id=\"d229324\" data-element_type=\"widget\" data-widget_type=\"image.default\">\n\t\t\t\t\t\t\t\t\t\t\t\t\t\t\t<img decoding=\"async\" width=\"300\" height=\"116\" src=\"https:\/\/romeo-brejon.mds-angers.yt\/wp-content\/uploads\/2025\/10\/61f7cd9467553f0004c53e76-2-300x116.png\" class=\"attachment-medium size-medium wp-image-87\" alt=\"Logo Travel Voyage International\" srcset=\"https:\/\/romeo-brejon.mds-angers.yt\/wp-content\/uploads\/2025\/10\/61f7cd9467553f0004c53e76-2-300x116.png 300w, https:\/\/romeo-brejon.mds-angers.yt\/wp-content\/uploads\/2025\/10\/61f7cd9467553f0004c53e76-2.png 421w\" sizes=\"(max-width: 300px) 100vw, 300px\" \/>\t\t\t\t\t\t\t\t\t\t\t\t\t\t\t<\/div>\n\t\t<div class=\"elementor-element elementor-element-1164f6b e-con-full e-flex e-con e-child\" data-id=\"1164f6b\" data-element_type=\"container\">\n\t\t\t\t<div class=\"elementor-element elementor-element-31b4137 elementor-align-center e-transform elementor-widget elementor-widget-button\" data-id=\"31b4137\" data-element_type=\"widget\" data-settings=\"{&quot;_transform_scale_effect_hover&quot;:{&quot;unit&quot;:&quot;px&quot;,&quot;size&quot;:1.1,&quot;sizes&quot;:[]},&quot;_transform_scale_effect_hover_tablet&quot;:{&quot;unit&quot;:&quot;px&quot;,&quot;size&quot;:&quot;&quot;,&quot;sizes&quot;:[]},&quot;_transform_scale_effect_hover_mobile&quot;:{&quot;unit&quot;:&quot;px&quot;,&quot;size&quot;:&quot;&quot;,&quot;sizes&quot;:[]}}\" data-widget_type=\"button.default\">\n\t\t\t\t\t\t\t\t\t\t<a class=\"elementor-button elementor-button-link elementor-size-sm\" href=\"https:\/\/romeo-brejon.mds-angers.yt\/index.php\/connexion-travel\/\">\n\t\t\t\t\t\t<span class=\"elementor-button-content-wrapper\">\n\t\t\t\t\t\t\t\t\t<span class=\"elementor-button-text\">CONNEXION<\/span>\n\t\t\t\t\t<\/span>\n\t\t\t\t\t<\/a>\n\t\t\t\t\t\t\t\t<\/div>\n\t\t\t\t<div class=\"elementor-element elementor-element-cf92ffd elementor-align-center e-transform elementor-widget elementor-widget-button\" data-id=\"cf92ffd\" data-element_type=\"widget\" data-settings=\"{&quot;_transform_scale_effect_hover&quot;:{&quot;unit&quot;:&quot;px&quot;,&quot;size&quot;:1.1,&quot;sizes&quot;:[]},&quot;_transform_scale_effect_hover_tablet&quot;:{&quot;unit&quot;:&quot;px&quot;,&quot;size&quot;:&quot;&quot;,&quot;sizes&quot;:[]},&quot;_transform_scale_effect_hover_mobile&quot;:{&quot;unit&quot;:&quot;px&quot;,&quot;size&quot;:&quot;&quot;,&quot;sizes&quot;:[]}}\" data-widget_type=\"button.default\">\n\t\t\t\t\t\t\t\t\t\t<a class=\"elementor-button elementor-button-link elementor-size-sm\" href=\"https:\/\/romeo-brejon.mds-angers.yt\/index.php\/contact\/\">\n\t\t\t\t\t\t<span class=\"elementor-button-content-wrapper\">\n\t\t\t\t\t\t\t\t\t<span class=\"elementor-button-text\">CONTACT<\/span>\n\t\t\t\t\t<\/span>\n\t\t\t\t\t<\/a>\n\t\t\t\t\t\t\t\t<\/div>\n\t\t\t\t<\/div>\n\t\t\t\t<\/div>\n\t\t\t\t<div class=\"elementor-element elementor-element-465fa86 elementor-widget elementor-widget-spacer\" data-id=\"465fa86\" data-element_type=\"widget\" data-widget_type=\"spacer.default\">\n\t\t\t\t\t\t\t<div class=\"elementor-spacer\">\n\t\t\t<div class=\"elementor-spacer-inner\"><\/div>\n\t\t<\/div>\n\t\t\t\t\t\t<\/div>\n\t\t<div class=\"elementor-element elementor-element-40a9b44 e-flex e-con-boxed e-con e-child\" data-id=\"40a9b44\" data-element_type=\"container\">\n\t\t\t\t\t<div class=\"e-con-inner\">\n\t\t<div class=\"elementor-element elementor-element-4a31951 e-con-full e-flex e-con e-child\" data-id=\"4a31951\" data-element_type=\"container\">\n\t\t\t\t<\/div>\n\t\t\t\t\t<\/div>\n\t\t\t\t<\/div>\n\t\t<div class=\"elementor-element elementor-element-59b996d e-flex e-con-boxed e-con e-child\" data-id=\"59b996d\" data-element_type=\"container\">\n\t\t\t\t\t<div class=\"e-con-inner\">\n\t\t\t\t\t<\/div>\n\t\t\t\t<\/div>\n\t\t<div class=\"elementor-element elementor-element-8bcb1d5 e-con-full e-flex e-con e-child\" data-id=\"8bcb1d5\" data-element_type=\"container\" data-settings=\"{&quot;background_background&quot;:&quot;gradient&quot;}\">\n\t\t\t\t<div class=\"elementor-element elementor-element-480e1a0 elementor-widget elementor-widget-heading\" data-id=\"480e1a0\" data-element_type=\"widget\" data-widget_type=\"heading.default\">\n\t\t\t\t\t<h1 class=\"elementor-heading-title elementor-size-default\">. EXPLORE LE MONDE AVEC TRAVEL .<\/h1>\t\t\t\t<\/div>\n\t\t\t\t<div class=\"elementor-element elementor-element-1f58219 elementor-widget-divider--view-line elementor-widget elementor-widget-divider\" data-id=\"1f58219\" data-element_type=\"widget\" data-widget_type=\"divider.default\">\n\t\t\t\t\t\t\t<div class=\"elementor-divider\">\n\t\t\t<span class=\"elementor-divider-separator\">\n\t\t\t\t\t\t<\/span>\n\t\t<\/div>\n\t\t\t\t\t\t<\/div>\n\t\t<div class=\"elementor-element elementor-element-b9ecfc8 e-con-full e-flex e-con e-child\" data-id=\"b9ecfc8\" data-element_type=\"container\">\n\t\t\t\t<div class=\"elementor-element elementor-element-76f7cc5 elementor-widget elementor-widget-spacer\" data-id=\"76f7cc5\" data-element_type=\"widget\" data-widget_type=\"spacer.default\">\n\t\t\t\t\t\t\t<div class=\"elementor-spacer\">\n\t\t\t<div class=\"elementor-spacer-inner\"><\/div>\n\t\t<\/div>\n\t\t\t\t\t\t<\/div>\n\t\t\t\t<div class=\"elementor-element elementor-element-3fabbad e-transform elementor-widget elementor-widget-image\" data-id=\"3fabbad\" data-element_type=\"widget\" data-settings=\"{&quot;_transform_scale_effect_hover&quot;:{&quot;unit&quot;:&quot;px&quot;,&quot;size&quot;:1.1,&quot;sizes&quot;:[]},&quot;_transform_scale_effect_hover_tablet&quot;:{&quot;unit&quot;:&quot;px&quot;,&quot;size&quot;:&quot;&quot;,&quot;sizes&quot;:[]},&quot;_transform_scale_effect_hover_mobile&quot;:{&quot;unit&quot;:&quot;px&quot;,&quot;size&quot;:&quot;&quot;,&quot;sizes&quot;:[]}}\" data-widget_type=\"image.default\">\n\t\t\t\t\t\t\t\t\t\t\t\t\t\t\t<img fetchpriority=\"high\" decoding=\"async\" width=\"680\" height=\"1024\" src=\"https:\/\/romeo-brejon.mds-angers.yt\/wp-content\/uploads\/2025\/10\/jack-ward-rknrvCrfS1k-unsplash-680x1024.jpg\" class=\"elementor-animation-grow-rotate attachment-large size-large wp-image-73\" alt=\"Ville d&#039;un pays \u00e9tranger magnifique avec de belles maisons\" srcset=\"https:\/\/romeo-brejon.mds-angers.yt\/wp-content\/uploads\/2025\/10\/jack-ward-rknrvCrfS1k-unsplash-680x1024.jpg 680w, https:\/\/romeo-brejon.mds-angers.yt\/wp-content\/uploads\/2025\/10\/jack-ward-rknrvCrfS1k-unsplash-199x300.jpg 199w, https:\/\/romeo-brejon.mds-angers.yt\/wp-content\/uploads\/2025\/10\/jack-ward-rknrvCrfS1k-unsplash-768x1156.jpg 768w, https:\/\/romeo-brejon.mds-angers.yt\/wp-content\/uploads\/2025\/10\/jack-ward-rknrvCrfS1k-unsplash-1020x1536.jpg 1020w, https:\/\/romeo-brejon.mds-angers.yt\/wp-content\/uploads\/2025\/10\/jack-ward-rknrvCrfS1k-unsplash-1360x2048.jpg 1360w, https:\/\/romeo-brejon.mds-angers.yt\/wp-content\/uploads\/2025\/10\/jack-ward-rknrvCrfS1k-unsplash-scaled.jpg 1701w\" sizes=\"(max-width: 680px) 100vw, 680px\" \/>\t\t\t\t\t\t\t\t\t\t\t\t\t\t\t<\/div>\n\t\t\t\t<div class=\"elementor-element elementor-element-a1cddc5 elementor-widget elementor-widget-spacer\" data-id=\"a1cddc5\" data-element_type=\"widget\" data-widget_type=\"spacer.default\">\n\t\t\t\t\t\t\t<div class=\"elementor-spacer\">\n\t\t\t<div class=\"elementor-spacer-inner\"><\/div>\n\t\t<\/div>\n\t\t\t\t\t\t<\/div>\n\t\t\t\t<div class=\"elementor-element elementor-element-711e20f e-transform elementor-widget elementor-widget-image\" data-id=\"711e20f\" data-element_type=\"widget\" data-settings=\"{&quot;_transform_scale_effect_hover&quot;:{&quot;unit&quot;:&quot;px&quot;,&quot;size&quot;:1.1,&quot;sizes&quot;:[]},&quot;_transform_scale_effect_hover_tablet&quot;:{&quot;unit&quot;:&quot;px&quot;,&quot;size&quot;:&quot;&quot;,&quot;sizes&quot;:[]},&quot;_transform_scale_effect_hover_mobile&quot;:{&quot;unit&quot;:&quot;px&quot;,&quot;size&quot;:&quot;&quot;,&quot;sizes&quot;:[]}}\" data-widget_type=\"image.default\">\n\t\t\t\t\t\t\t\t\t\t\t\t\t\t\t<img decoding=\"async\" width=\"769\" height=\"1024\" src=\"https:\/\/romeo-brejon.mds-angers.yt\/wp-content\/uploads\/2025\/10\/pexels-dajana-reci-289671698-29090846-769x1024.jpg\" class=\"elementor-animation-grow-rotate attachment-large size-large wp-image-217\" alt=\"Photo d&#039;un homme devant une cascade magnifique\" srcset=\"https:\/\/romeo-brejon.mds-angers.yt\/wp-content\/uploads\/2025\/10\/pexels-dajana-reci-289671698-29090846-769x1024.jpg 769w, https:\/\/romeo-brejon.mds-angers.yt\/wp-content\/uploads\/2025\/10\/pexels-dajana-reci-289671698-29090846-225x300.jpg 225w, https:\/\/romeo-brejon.mds-angers.yt\/wp-content\/uploads\/2025\/10\/pexels-dajana-reci-289671698-29090846-768x1023.jpg 768w, https:\/\/romeo-brejon.mds-angers.yt\/wp-content\/uploads\/2025\/10\/pexels-dajana-reci-289671698-29090846-scaled.jpg 1922w\" sizes=\"(max-width: 769px) 100vw, 769px\" \/>\t\t\t\t\t\t\t\t\t\t\t\t\t\t\t<\/div>\n\t\t\t\t<div class=\"elementor-element elementor-element-4998858 elementor-widget elementor-widget-spacer\" data-id=\"4998858\" data-element_type=\"widget\" data-widget_type=\"spacer.default\">\n\t\t\t\t\t\t\t<div class=\"elementor-spacer\">\n\t\t\t<div class=\"elementor-spacer-inner\"><\/div>\n\t\t<\/div>\n\t\t\t\t\t\t<\/div>\n\t\t\t\t<div class=\"elementor-element elementor-element-b2e71c6 e-transform elementor-widget elementor-widget-image\" data-id=\"b2e71c6\" data-element_type=\"widget\" data-settings=\"{&quot;_transform_scale_effect_hover&quot;:{&quot;unit&quot;:&quot;px&quot;,&quot;size&quot;:1.1,&quot;sizes&quot;:[]},&quot;_transform_scale_effect_hover_tablet&quot;:{&quot;unit&quot;:&quot;px&quot;,&quot;size&quot;:&quot;&quot;,&quot;sizes&quot;:[]},&quot;_transform_scale_effect_hover_mobile&quot;:{&quot;unit&quot;:&quot;px&quot;,&quot;size&quot;:&quot;&quot;,&quot;sizes&quot;:[]}}\" data-widget_type=\"image.default\">\n\t\t\t\t\t\t\t\t\t\t\t\t\t\t\t<img loading=\"lazy\" decoding=\"async\" width=\"800\" height=\"973\" src=\"https:\/\/romeo-brejon.mds-angers.yt\/wp-content\/uploads\/2025\/10\/pexels-jake-pnw-1761282-842x1024.jpg\" class=\"elementor-animation-grow-rotate attachment-large size-large wp-image-219\" alt=\"Kanoe dans un magnifique paysage\" srcset=\"https:\/\/romeo-brejon.mds-angers.yt\/wp-content\/uploads\/2025\/10\/pexels-jake-pnw-1761282-842x1024.jpg 842w, https:\/\/romeo-brejon.mds-angers.yt\/wp-content\/uploads\/2025\/10\/pexels-jake-pnw-1761282-247x300.jpg 247w, https:\/\/romeo-brejon.mds-angers.yt\/wp-content\/uploads\/2025\/10\/pexels-jake-pnw-1761282-768x934.jpg 768w, https:\/\/romeo-brejon.mds-angers.yt\/wp-content\/uploads\/2025\/10\/pexels-jake-pnw-1761282-1263x1536.jpg 1263w, https:\/\/romeo-brejon.mds-angers.yt\/wp-content\/uploads\/2025\/10\/pexels-jake-pnw-1761282-1684x2048.jpg 1684w\" sizes=\"(max-width: 800px) 100vw, 800px\" \/>\t\t\t\t\t\t\t\t\t\t\t\t\t\t\t<\/div>\n\t\t\t\t<div class=\"elementor-element elementor-element-f2fe2ca elementor-widget elementor-widget-spacer\" data-id=\"f2fe2ca\" data-element_type=\"widget\" data-widget_type=\"spacer.default\">\n\t\t\t\t\t\t\t<div class=\"elementor-spacer\">\n\t\t\t<div class=\"elementor-spacer-inner\"><\/div>\n\t\t<\/div>\n\t\t\t\t\t\t<\/div>\n\t\t\t\t<div class=\"elementor-element elementor-element-64e5c28 e-transform elementor-widget elementor-widget-image\" data-id=\"64e5c28\" data-element_type=\"widget\" data-settings=\"{&quot;_transform_scale_effect_hover&quot;:{&quot;unit&quot;:&quot;px&quot;,&quot;size&quot;:1.1,&quot;sizes&quot;:[]},&quot;_transform_scale_effect_hover_tablet&quot;:{&quot;unit&quot;:&quot;px&quot;,&quot;size&quot;:&quot;&quot;,&quot;sizes&quot;:[]},&quot;_transform_scale_effect_hover_mobile&quot;:{&quot;unit&quot;:&quot;px&quot;,&quot;size&quot;:&quot;&quot;,&quot;sizes&quot;:[]}}\" data-widget_type=\"image.default\">\n\t\t\t\t\t\t\t\t\t\t\t\t\t\t\t<img loading=\"lazy\" decoding=\"async\" width=\"800\" height=\"1000\" src=\"https:\/\/romeo-brejon.mds-angers.yt\/wp-content\/uploads\/2025\/10\/valdemaras-d-yAXv5bgFGQ8-unsplash-1-1-819x1024.jpg\" class=\"elementor-animation-grow-rotate attachment-large size-large wp-image-227\" alt=\"Magnifique paysage dans un pays antarctique\" srcset=\"https:\/\/romeo-brejon.mds-angers.yt\/wp-content\/uploads\/2025\/10\/valdemaras-d-yAXv5bgFGQ8-unsplash-1-1-819x1024.jpg 819w, https:\/\/romeo-brejon.mds-angers.yt\/wp-content\/uploads\/2025\/10\/valdemaras-d-yAXv5bgFGQ8-unsplash-1-1-240x300.jpg 240w, https:\/\/romeo-brejon.mds-angers.yt\/wp-content\/uploads\/2025\/10\/valdemaras-d-yAXv5bgFGQ8-unsplash-1-1-768x960.jpg 768w, https:\/\/romeo-brejon.mds-angers.yt\/wp-content\/uploads\/2025\/10\/valdemaras-d-yAXv5bgFGQ8-unsplash-1-1-scaled.jpg 2048w\" sizes=\"(max-width: 800px) 100vw, 800px\" \/>\t\t\t\t\t\t\t\t\t\t\t\t\t\t\t<\/div>\n\t\t\t\t<div class=\"elementor-element elementor-element-c8bee63 elementor-widget elementor-widget-spacer\" data-id=\"c8bee63\" data-element_type=\"widget\" data-widget_type=\"spacer.default\">\n\t\t\t\t\t\t\t<div class=\"elementor-spacer\">\n\t\t\t<div class=\"elementor-spacer-inner\"><\/div>\n\t\t<\/div>\n\t\t\t\t\t\t<\/div>\n\t\t\t\t<\/div>\n\t\t\t\t<\/div>\n\t\t\t\t<div class=\"elementor-element elementor-element-890a211 elementor-widget elementor-widget-spacer\" data-id=\"890a211\" data-element_type=\"widget\" data-widget_type=\"spacer.default\">\n\t\t\t\t\t\t\t<div class=\"elementor-spacer\">\n\t\t\t<div class=\"elementor-spacer-inner\"><\/div>\n\t\t<\/div>\n\t\t\t\t\t\t<\/div>\n\t\t\t\t<\/div>\n\t\t<div class=\"elementor-element elementor-element-9cba2ec e-con-full e-flex e-con e-parent\" data-id=\"9cba2ec\" data-element_type=\"container\" data-settings=\"{&quot;background_background&quot;:&quot;video&quot;,&quot;background_video_link&quot;:&quot;https:\\\/\\\/youtu.be\\\/9vN_htf-05w?si=8l4EQwAkdZHGrIuP&quot;}\">\n\t\t<div class=\"elementor-background-video-container elementor-hidden-mobile\" aria-hidden=\"true\">\n\t\t\t\t\t\t\t<div class=\"elementor-background-video-embed\"><\/div>\n\t\t\t\t\t\t<\/div><div class=\"elementor-element elementor-element-10b7709 e-flex e-con-boxed e-con e-child\" data-id=\"10b7709\" data-element_type=\"container\" data-settings=\"{&quot;background_background&quot;:&quot;gradient&quot;}\">\n\t\t\t\t\t<div class=\"e-con-inner\">\n\t\t\t\t\t<\/div>\n\t\t\t\t<\/div>\n\t\t<div class=\"elementor-element elementor-element-b248f66 e-con-full e-flex e-con e-child\" data-id=\"b248f66\" data-element_type=\"container\" data-settings=\"{&quot;background_background&quot;:&quot;gradient&quot;}\">\n\t\t<div class=\"elementor-element elementor-element-fd01951 e-con-full e-flex e-con e-child\" data-id=\"fd01951\" data-element_type=\"container\" data-settings=\"{&quot;background_background&quot;:&quot;classic&quot;}\">\n\t\t\t\t<div class=\"elementor-element elementor-element-93b7938 elementor-widget elementor-widget-heading\" data-id=\"93b7938\" data-element_type=\"widget\" data-widget_type=\"heading.default\">\n\t\t\t\t\t<h3 class=\"elementor-heading-title elementor-size-default\">Travel \u2013 L\u2019aventure commence ici<\/h3>\t\t\t\t<\/div>\n\t\t\t\t<div class=\"elementor-element elementor-element-d4fd318 elementor-widget-divider--view-line elementor-widget elementor-widget-divider\" data-id=\"d4fd318\" data-element_type=\"widget\" data-widget_type=\"divider.default\">\n\t\t\t\t\t\t\t<div class=\"elementor-divider\">\n\t\t\t<span class=\"elementor-divider-separator\">\n\t\t\t\t\t\t<\/span>\n\t\t<\/div>\n\t\t\t\t\t\t<\/div>\n\t\t\t\t<div class=\"elementor-element elementor-element-3bb8f47 elementor-widget elementor-widget-text-editor\" data-id=\"3bb8f47\" data-element_type=\"widget\" data-widget_type=\"text-editor.default\">\n\t\t\t\t\t\t\t\t\t<h2 data-start=\"94\" data-end=\"138\"><span style=\"font-size: 25px; background-color: transparent;\">Avec <\/span><strong style=\"font-size: 25px; background-color: transparent;\" data-start=\"144\" data-end=\"154\">Travel<\/strong><span style=\"font-size: 25px; background-color: transparent;\">, vivez l\u2019aventure sous toutes ses formes.<\/span><\/h2><p data-start=\"139\" data-end=\"463\">Explorez des paysages exceptionnels, d\u00e9couvrez des lieux insolites et laissez-vous tenter par des activit\u00e9s palpitantes comme la randonn\u00e9e, le canyoning ou encore l\u2019escalade.<br data-start=\"373\" data-end=\"376\" \/>Peu importe la destination, <strong data-start=\"404\" data-end=\"461\">chaque voyage avec Travel est une v\u00e9ritable aventure.<\/strong><\/p>\t\t\t\t\t\t\t\t<\/div>\n\t\t\t\t<\/div>\n\t\t\t\t<\/div>\n\t\t\t\t<\/div>\n\t\t<div class=\"elementor-element elementor-element-298be37 e-flex e-con-boxed e-con e-parent\" data-id=\"298be37\" data-element_type=\"container\" data-settings=\"{&quot;background_background&quot;:&quot;classic&quot;}\">\n\t\t\t\t\t<div class=\"e-con-inner\">\n\t\t<div class=\"elementor-element elementor-element-591c954 e-con-full e-flex e-con e-child\" data-id=\"591c954\" data-element_type=\"container\">\n\t\t<div class=\"elementor-element elementor-element-cbd55e5 e-con-full e-flex e-con e-child\" data-id=\"cbd55e5\" data-element_type=\"container\" data-settings=\"{&quot;background_background&quot;:&quot;slideshow&quot;,&quot;background_slideshow_gallery&quot;:[{&quot;id&quot;:489,&quot;url&quot;:&quot;https:\\\/\\\/romeo-brejon.mds-angers.yt\\\/wp-content\\\/uploads\\\/2025\\\/10\\\/Logo-instagram-png-blanc.png&quot;}],&quot;background_slideshow_loop&quot;:&quot;yes&quot;,&quot;background_slideshow_slide_duration&quot;:5000,&quot;background_slideshow_slide_transition&quot;:&quot;fade&quot;,&quot;background_slideshow_transition_duration&quot;:500}\">\n\t\t\t\t<\/div>\n\t\t\t\t<div class=\"elementor-element elementor-element-ea7c8f1 elementor-widget elementor-widget-spacer\" data-id=\"ea7c8f1\" data-element_type=\"widget\" data-widget_type=\"spacer.default\">\n\t\t\t\t\t\t\t<div class=\"elementor-spacer\">\n\t\t\t<div class=\"elementor-spacer-inner\"><\/div>\n\t\t<\/div>\n\t\t\t\t\t\t<\/div>\n\t\t\t\t<div class=\"elementor-element elementor-element-d24e003 elementor-widget elementor-widget-spacer\" data-id=\"d24e003\" data-element_type=\"widget\" data-widget_type=\"spacer.default\">\n\t\t\t\t\t\t\t<div class=\"elementor-spacer\">\n\t\t\t<div class=\"elementor-spacer-inner\"><\/div>\n\t\t<\/div>\n\t\t\t\t\t\t<\/div>\n\t\t\t\t<div class=\"elementor-element elementor-element-cb8d0a3 elementor-widget elementor-widget-spacer\" data-id=\"cb8d0a3\" data-element_type=\"widget\" data-widget_type=\"spacer.default\">\n\t\t\t\t\t\t\t<div class=\"elementor-spacer\">\n\t\t\t<div class=\"elementor-spacer-inner\"><\/div>\n\t\t<\/div>\n\t\t\t\t\t\t<\/div>\n\t\t\t\t<div class=\"elementor-element elementor-element-0d6ab78 elementor-widget elementor-widget-spacer\" data-id=\"0d6ab78\" data-element_type=\"widget\" data-widget_type=\"spacer.default\">\n\t\t\t\t\t\t\t<div class=\"elementor-spacer\">\n\t\t\t<div class=\"elementor-spacer-inner\"><\/div>\n\t\t<\/div>\n\t\t\t\t\t\t<\/div>\n\t\t\t\t<div class=\"elementor-element elementor-element-6aa6446 elementor-widget elementor-widget-spacer\" data-id=\"6aa6446\" data-element_type=\"widget\" data-widget_type=\"spacer.default\">\n\t\t\t\t\t\t\t<div class=\"elementor-spacer\">\n\t\t\t<div class=\"elementor-spacer-inner\"><\/div>\n\t\t<\/div>\n\t\t\t\t\t\t<\/div>\n\t\t\t\t<div class=\"elementor-element elementor-element-3864bc1 elementor-widget elementor-widget-spacer\" data-id=\"3864bc1\" data-element_type=\"widget\" data-widget_type=\"spacer.default\">\n\t\t\t\t\t\t\t<div class=\"elementor-spacer\">\n\t\t\t<div class=\"elementor-spacer-inner\"><\/div>\n\t\t<\/div>\n\t\t\t\t\t\t<\/div>\n\t\t\t\t<div class=\"elementor-element elementor-element-0f540e1 elementor-widget elementor-widget-spacer\" data-id=\"0f540e1\" data-element_type=\"widget\" data-widget_type=\"spacer.default\">\n\t\t\t\t\t\t\t<div class=\"elementor-spacer\">\n\t\t\t<div class=\"elementor-spacer-inner\"><\/div>\n\t\t<\/div>\n\t\t\t\t\t\t<\/div>\n\t\t\t\t<div class=\"elementor-element elementor-element-97fee4e elementor-widget elementor-widget-spacer\" data-id=\"97fee4e\" data-element_type=\"widget\" data-widget_type=\"spacer.default\">\n\t\t\t\t\t\t\t<div class=\"elementor-spacer\">\n\t\t\t<div class=\"elementor-spacer-inner\"><\/div>\n\t\t<\/div>\n\t\t\t\t\t\t<\/div>\n\t\t\t\t<div class=\"elementor-element elementor-element-40182b2 elementor-widget elementor-widget-spacer\" data-id=\"40182b2\" data-element_type=\"widget\" data-widget_type=\"spacer.default\">\n\t\t\t\t\t\t\t<div class=\"elementor-spacer\">\n\t\t\t<div class=\"elementor-spacer-inner\"><\/div>\n\t\t<\/div>\n\t\t\t\t\t\t<\/div>\n\t\t\t\t<div class=\"elementor-element elementor-element-1e88dfe elementor-widget elementor-widget-spacer\" data-id=\"1e88dfe\" data-element_type=\"widget\" data-widget_type=\"spacer.default\">\n\t\t\t\t\t\t\t<div class=\"elementor-spacer\">\n\t\t\t<div class=\"elementor-spacer-inner\"><\/div>\n\t\t<\/div>\n\t\t\t\t\t\t<\/div>\n\t\t\t\t<div class=\"elementor-element elementor-element-805f0f8 elementor-widget elementor-widget-spacer\" data-id=\"805f0f8\" data-element_type=\"widget\" data-widget_type=\"spacer.default\">\n\t\t\t\t\t\t\t<div class=\"elementor-spacer\">\n\t\t\t<div class=\"elementor-spacer-inner\"><\/div>\n\t\t<\/div>\n\t\t\t\t\t\t<\/div>\n\t\t\t\t<div class=\"elementor-element elementor-element-328c1bf elementor-widget elementor-widget-spacer\" data-id=\"328c1bf\" data-element_type=\"widget\" data-widget_type=\"spacer.default\">\n\t\t\t\t\t\t\t<div class=\"elementor-spacer\">\n\t\t\t<div class=\"elementor-spacer-inner\"><\/div>\n\t\t<\/div>\n\t\t\t\t\t\t<\/div>\n\t\t\t\t<div class=\"elementor-element elementor-element-1c5ceb0 elementor-widget elementor-widget-button\" data-id=\"1c5ceb0\" data-element_type=\"widget\" data-widget_type=\"button.default\">\n\t\t\t\t\t\t\t\t\t\t<a class=\"elementor-button elementor-button-link elementor-size-sm\" href=\"https:\/\/romeo-brejon.mds-angers.yt\/index.php\/site-wordpress-clement-kristan-matteo-romeo\/\">\n\t\t\t\t\t\t<span class=\"elementor-button-content-wrapper\">\n\t\t\t\t\t\t\t\t\t<span class=\"elementor-button-text\">Site de Rom\u00e9o<\/span>\n\t\t\t\t\t<\/span>\n\t\t\t\t\t<\/a>\n\t\t\t\t\t\t\t\t<\/div>\n\t\t\t\t<\/div>\n\t\t\t\t\t<\/div>\n\t\t\t\t<\/div>\n\t\t\t\t<\/div>\n\t\t","protected":false},"excerpt":{"rendered":"<p>CONNEXION CONTACT . EXPLORE LE MONDE AVEC TRAVEL . Travel \u2013 L\u2019aventure commence ici Avec Travel, vivez l\u2019aventure sous toutes ses formes. Explorez des paysages exceptionnels, d\u00e9couvrez des lieux insolites et laissez-vous tenter par des activit\u00e9s palpitantes comme la randonn\u00e9e, le canyoning ou encore l\u2019escalade.Peu importe la destination, chaque voyage avec Travel est une v\u00e9ritable [&hellip;]<\/p>\n","protected":false},"author":4,"featured_media":0,"parent":0,"menu_order":0,"comment_status":"closed","ping_status":"closed","template":"elementor_canvas","meta":{"_seopress_robots_primary_cat":"","_seopress_titles_title":"Travel Voyage International","_seopress_titles_desc":"Explorez le monde avec Travel Voyage International : plages, montagnes, monuments et d\u00e9couvertes aux quatre coins du globe.","_seopress_robots_index":"","footnotes":""},"class_list":["post-46","page","type-page","status-publish","hentry"],"_links":{"self":[{"href":"https:\/\/romeo-brejon.mds-angers.yt\/index.php\/wp-json\/wp\/v2\/pages\/46","targetHints":{"allow":["GET"]}}],"collection":[{"href":"https:\/\/romeo-brejon.mds-angers.yt\/index.php\/wp-json\/wp\/v2\/pages"}],"about":[{"href":"https:\/\/romeo-brejon.mds-angers.yt\/index.php\/wp-json\/wp\/v2\/types\/page"}],"author":[{"embeddable":true,"href":"https:\/\/romeo-brejon.mds-angers.yt\/index.php\/wp-json\/wp\/v2\/users\/4"}],"replies":[{"embeddable":true,"href":"https:\/\/romeo-brejon.mds-angers.yt\/index.php\/wp-json\/wp\/v2\/comments?post=46"}],"version-history":[{"count":186,"href":"https:\/\/romeo-brejon.mds-angers.yt\/index.php\/wp-json\/wp\/v2\/pages\/46\/revisions"}],"predecessor-version":[{"id":546,"href":"https:\/\/romeo-brejon.mds-angers.yt\/index.php\/wp-json\/wp\/v2\/pages\/46\/revisions\/546"}],"wp:attachment":[{"href":"https:\/\/romeo-brejon.mds-angers.yt\/index.php\/wp-json\/wp\/v2\/media?parent=46"}],"curies":[{"name":"wp","href":"https:\/\/api.w.org\/{rel}","templated":true}]}}