{"id":411,"date":"2025-10-10T14:04:55","date_gmt":"2025-10-10T14:04:55","guid":{"rendered":"https:\/\/romeo-brejon.mds-angers.yt\/?page_id=411"},"modified":"2025-10-15T13:02:33","modified_gmt":"2025-10-15T13:02:33","slug":"connexion-travel","status":"publish","type":"page","link":"https:\/\/romeo-brejon.mds-angers.yt\/index.php\/connexion-travel\/","title":{"rendered":"Connexion Travel"},"content":{"rendered":"\t\t<div data-elementor-type=\"wp-page\" data-elementor-id=\"411\" class=\"elementor elementor-411\">\n\t\t\t\t<div class=\"elementor-element elementor-element-071cbce e-flex e-con-boxed e-con e-parent\" data-id=\"071cbce\" data-element_type=\"container\">\n\t\t\t\t\t<div class=\"e-con-inner\">\n\t\t<div class=\"elementor-element elementor-element-4603a78 e-con-full e-flex e-con e-child\" data-id=\"4603a78\" data-element_type=\"container\" data-settings=\"{&quot;background_background&quot;:&quot;classic&quot;}\">\n\t\t<div class=\"elementor-element elementor-element-d77f4b7 e-con-full e-flex e-con e-child\" data-id=\"d77f4b7\" data-element_type=\"container\" data-settings=\"{&quot;background_background&quot;:&quot;gradient&quot;}\">\n\t\t<div class=\"elementor-element elementor-element-802eee8 e-con-full e-flex e-con e-child\" data-id=\"802eee8\" data-element_type=\"container\" data-settings=\"{&quot;background_background&quot;:&quot;classic&quot;}\">\n\t\t\t\t<div class=\"elementor-element elementor-element-3ee6827 elementor-widget elementor-widget-heading\" data-id=\"3ee6827\" data-element_type=\"widget\" data-widget_type=\"heading.default\">\n\t\t\t\t\t<h2 class=\"elementor-heading-title elementor-size-default\">Bienvenue chez Travel<\/h2>\t\t\t\t<\/div>\n\t\t\t\t<div class=\"elementor-element elementor-element-20b6c94 elementor-widget-divider--view-line elementor-widget elementor-widget-divider\" data-id=\"20b6c94\" data-element_type=\"widget\" data-widget_type=\"divider.default\">\n\t\t\t\t\t\t\t<div class=\"elementor-divider\">\n\t\t\t<span class=\"elementor-divider-separator\">\n\t\t\t\t\t\t<\/span>\n\t\t<\/div>\n\t\t\t\t\t\t<\/div>\n\t\t\t\t<div class=\"elementor-element elementor-element-00dace3 elementor-widget elementor-widget-text-editor\" data-id=\"00dace3\" data-element_type=\"widget\" data-widget_type=\"text-editor.default\">\n\t\t\t\t\t\t\t\t\t<p>Votre prochaine aventure commence ici.<br data-start=\"169\" data-end=\"172\" \/>Connectez-vous et pr\u00e9parez-vous \u00e0 explorer des paysages \u00e0 couper le souffle, \u00e0 d\u00e9couvrir des lieux cach\u00e9s et \u00e0 vivre des exp\u00e9riences inoubliables aux quatre coins du monde.<br data-start=\"344\" data-end=\"347\" \/>Avec <strong data-start=\"352\" data-end=\"362\">Travel<\/strong>, chaque voyage est une aventure qui ne demande qu\u2019\u00e0 commencer.<\/p>\t\t\t\t\t\t\t\t<\/div>\n\t\t\t\t<\/div>\n\t\t\t\t<\/div>\n\t\t\t\t<\/div>\n\t\t<div class=\"elementor-element elementor-element-d4856f2 e-con-full e-flex e-con e-child\" data-id=\"d4856f2\" data-element_type=\"container\" data-settings=\"{&quot;background_background&quot;:&quot;classic&quot;}\">\n\t\t\t\t<div class=\"elementor-element elementor-element-c405c24 elementor-align-center elementor-widget elementor-widget-button\" data-id=\"c405c24\" data-element_type=\"widget\" data-widget_type=\"button.default\">\n\t\t\t\t\t\t\t\t\t\t<a class=\"elementor-button elementor-button-link elementor-size-sm\" href=\"#\">\n\t\t\t\t\t\t<span class=\"elementor-button-content-wrapper\">\n\t\t\t\t\t\t\t\t\t<span class=\"elementor-button-text\">Connexion<\/span>\n\t\t\t\t\t<\/span>\n\t\t\t\t\t<\/a>\n\t\t\t\t\t\t\t\t<\/div>\n\t\t\t\t<\/div>\n\t\t\t\t\t<\/div>\n\t\t\t\t<\/div>\n\t\t\t\t<\/div>\n\t\t","protected":false},"excerpt":{"rendered":"<p>Bienvenue chez Travel Votre prochaine aventure commence ici.Connectez-vous et pr\u00e9parez-vous \u00e0 explorer des paysages \u00e0 couper le souffle, \u00e0 d\u00e9couvrir des lieux cach\u00e9s et \u00e0 vivre des exp\u00e9riences inoubliables aux quatre coins du monde.Avec Travel, chaque voyage est une aventure qui ne demande qu\u2019\u00e0 commencer. Connexion<\/p>\n","protected":false},"author":4,"featured_media":0,"parent":0,"menu_order":0,"comment_status":"closed","ping_status":"closed","template":"elementor_canvas","meta":{"_seopress_robots_primary_cat":"","_seopress_titles_title":"","_seopress_titles_desc":"","_seopress_robots_index":"","footnotes":""},"class_list":["post-411","page","type-page","status-publish","hentry"],"_links":{"self":[{"href":"https:\/\/romeo-brejon.mds-angers.yt\/index.php\/wp-json\/wp\/v2\/pages\/411","targetHints":{"allow":["GET"]}}],"collection":[{"href":"https:\/\/romeo-brejon.mds-angers.yt\/index.php\/wp-json\/wp\/v2\/pages"}],"about":[{"href":"https:\/\/romeo-brejon.mds-angers.yt\/index.php\/wp-json\/wp\/v2\/types\/page"}],"author":[{"embeddable":true,"href":"https:\/\/romeo-brejon.mds-angers.yt\/index.php\/wp-json\/wp\/v2\/users\/4"}],"replies":[{"embeddable":true,"href":"https:\/\/romeo-brejon.mds-angers.yt\/index.php\/wp-json\/wp\/v2\/comments?post=411"}],"version-history":[{"count":31,"href":"https:\/\/romeo-brejon.mds-angers.yt\/index.php\/wp-json\/wp\/v2\/pages\/411\/revisions"}],"predecessor-version":[{"id":512,"href":"https:\/\/romeo-brejon.mds-angers.yt\/index.php\/wp-json\/wp\/v2\/pages\/411\/revisions\/512"}],"wp:attachment":[{"href":"https:\/\/romeo-brejon.mds-angers.yt\/index.php\/wp-json\/wp\/v2\/media?parent=411"}],"curies":[{"name":"wp","href":"https:\/\/api.w.org\/{rel}","templated":true}]}}